{"id":2,"date":"2016-05-10T03:48:21","date_gmt":"2016-05-10T03:48:21","guid":{"rendered":"http:\/\/pmo-wohnen.de\/?page_id=2"},"modified":"2026-04-08T12:28:04","modified_gmt":"2026-04-08T12:28:04","slug":"sample-page","status":"publish","type":"page","link":"https:\/\/pmo-wohnen.de\/","title":{"rendered":"Start"},"content":{"rendered":"\t\t<div data-elementor-type=\"wp-page\" data-elementor-id=\"2\" class=\"elementor elementor-2\">\n\t\t\t\t\t\t<section class=\"elementor-section elementor-top-section elementor-element elementor-element-4e5278e elementor-section-boxed elementor-section-height-default elementor-section-height-default\" data-id=\"4e5278e\" data-element_type=\"section\" data-e-type=\"section\">\n\t\t\t\t\t\t<div class=\"elementor-container elementor-column-gap-default\">\n\t\t\t\t\t<div class=\"elementor-column elementor-col-100 elementor-top-column elementor-element elementor-element-be15803\" data-id=\"be15803\" data-element_type=\"column\" data-e-type=\"column\">\n\t\t\t<div class=\"elementor-widget-wrap elementor-element-populated\">\n\t\t\t\t\t\t<div class=\"elementor-element elementor-element-a9c176d elementor-widget elementor-widget-text-editor\" data-id=\"a9c176d\" data-element_type=\"widget\" data-e-type=\"widget\" data-widget_type=\"text-editor.default\">\n\t\t\t\t<div class=\"elementor-widget-container\">\n\t\t\t\t\t\t\t\t\t<h3><span style=\"color: #000000;\"><strong>Update zur Vermietung und Bezugsfertigstellung der Wohnungen in Husum:<\/strong><\/span><\/h3><p><span style=\"color: #000000;\">Die <span style=\"text-decoration: underline;\">Vermietungsphase mit Besichtigungen beginnt erst im Juni 2026<\/span>, wenn das erste Haus nahezu fertiggestellt ist. Bis dahin kann weiterhin nur das Interesse bekundet werden, entweder \u00fcber das Kontaktformular oder per Mail an info@pmo-wohnen.de. Wir sammeln weiterhin die eingegangen Interessensbekundungen und informieren dann im Mai \u00fcber den weiteren Prozess hinsichtlich der Vermietung. Reservierungen von Wohnungen sind erst nach erfolgter Wohnungsbesichtigung m\u00f6glich.<\/span><\/p><p><span style=\"text-decoration: underline; color: #000000;\">Voraussichtliche Bezugsfertigstellung:<\/span><\/p><p><span style=\"color: #000000;\">Breslauer Stra\u00dfe 5: 01.08.2026<\/span><\/p><p><span style=\"color: #000000;\">Breslauer Stra\u00dfe 7: 01.08.2026<\/span><\/p><p><span style=\"color: #000000;\">Breslauer Stra\u00dfe 2: 01.09.2026<\/span><\/p>\t\t\t\t\t\t\t\t<\/div>\n\t\t\t\t<\/div>\n\t\t\t\t\t<\/div>\n\t\t<\/div>\n\t\t\t\t\t<\/div>\n\t\t<\/section>\n\t\t\t\t<section class=\"elementor-section elementor-top-section elementor-element elementor-element-32b9f26 elementor-section-boxed elementor-section-height-default elementor-section-height-default\" data-id=\"32b9f26\" data-element_type=\"section\" data-e-type=\"section\">\n\t\t\t\t\t\t<div class=\"elementor-container elementor-column-gap-default\">\n\t\t\t\t\t<div class=\"elementor-column elementor-col-100 elementor-top-column elementor-element elementor-element-ac44a59\" data-id=\"ac44a59\" data-element_type=\"column\" data-e-type=\"column\">\n\t\t\t<div class=\"elementor-widget-wrap elementor-element-populated\">\n\t\t\t\t\t\t<div class=\"elementor-element elementor-element-c855ce6 elementor-widget elementor-widget-heading\" data-id=\"c855ce6\" data-element_type=\"widget\" data-e-type=\"widget\" data-widget_type=\"heading.default\">\n\t\t\t\t<div class=\"elementor-widget-container\">\n\t\t\t\t\t<h3 class=\"elementor-heading-title elementor-size-default\">Information zu unserem aktuellen Neubauprojekt in der Breslauer Stra\u00dfe 2, 5, 7 in Husum:<\/h3>\t\t\t\t<\/div>\n\t\t\t\t<\/div>\n\t\t\t\t\t<\/div>\n\t\t<\/div>\n\t\t\t\t\t<\/div>\n\t\t<\/section>\n\t\t\t\t<section class=\"elementor-section elementor-top-section elementor-element elementor-element-7eebd10 elementor-section-boxed elementor-section-height-default elementor-section-height-default\" data-id=\"7eebd10\" data-element_type=\"section\" data-e-type=\"section\">\n\t\t\t\t\t\t<div class=\"elementor-container elementor-column-gap-default\">\n\t\t\t\t\t<div class=\"elementor-column elementor-col-50 elementor-top-column elementor-element elementor-element-6da20f1\" data-id=\"6da20f1\" data-element_type=\"column\" data-e-type=\"column\">\n\t\t\t<div class=\"elementor-widget-wrap elementor-element-populated\">\n\t\t\t\t\t\t<div class=\"elementor-element elementor-element-b5b3ef7 elementor-widget elementor-widget-image\" data-id=\"b5b3ef7\" data-element_type=\"widget\" data-e-type=\"widget\" data-widget_type=\"image.default\">\n\t\t\t\t<div class=\"elementor-widget-container\">\n\t\t\t\t\t\t\t\t\t\t\t\t\t\t\t<img fetchpriority=\"high\" decoding=\"async\" width=\"1024\" height=\"382\" src=\"https:\/\/pmo-wohnen.de\/wp-content\/uploads\/2025\/11\/Bauschild-Husum_3D_NW_2-1024x382.jpg\" class=\"attachment-large size-large wp-image-632\" alt=\"\" srcset=\"https:\/\/pmo-wohnen.de\/wp-content\/uploads\/2025\/11\/Bauschild-Husum_3D_NW_2-1024x382.jpg 1024w, https:\/\/pmo-wohnen.de\/wp-content\/uploads\/2025\/11\/Bauschild-Husum_3D_NW_2-300x112.jpg 300w, https:\/\/pmo-wohnen.de\/wp-content\/uploads\/2025\/11\/Bauschild-Husum_3D_NW_2-768x287.jpg 768w, https:\/\/pmo-wohnen.de\/wp-content\/uploads\/2025\/11\/Bauschild-Husum_3D_NW_2-1536x573.jpg 1536w, https:\/\/pmo-wohnen.de\/wp-content\/uploads\/2025\/11\/Bauschild-Husum_3D_NW_2-2048x764.jpg 2048w\" sizes=\"(max-width: 1024px) 100vw, 1024px\" \/>\t\t\t\t\t\t\t\t\t\t\t\t\t\t\t<\/div>\n\t\t\t\t<\/div>\n\t\t\t\t\t<\/div>\n\t\t<\/div>\n\t\t\t\t<div class=\"elementor-column elementor-col-50 elementor-top-column elementor-element elementor-element-0c9d9a2\" data-id=\"0c9d9a2\" data-element_type=\"column\" data-e-type=\"column\">\n\t\t\t<div class=\"elementor-widget-wrap elementor-element-populated\">\n\t\t\t\t\t\t<div class=\"elementor-element elementor-element-2a23ac3 elementor-widget elementor-widget-image\" data-id=\"2a23ac3\" data-element_type=\"widget\" data-e-type=\"widget\" data-widget_type=\"image.default\">\n\t\t\t\t<div class=\"elementor-widget-container\">\n\t\t\t\t\t\t\t\t\t\t\t\t\t\t\t<img decoding=\"async\" width=\"1024\" height=\"553\" src=\"https:\/\/pmo-wohnen.de\/wp-content\/uploads\/2025\/11\/Bauschild-Husum_3D_SW_klein_2.jpg\" class=\"attachment-large size-large wp-image-633\" alt=\"\" \/>\t\t\t\t\t\t\t\t\t\t\t\t\t\t\t<\/div>\n\t\t\t\t<\/div>\n\t\t\t\t\t<\/div>\n\t\t<\/div>\n\t\t\t\t\t<\/div>\n\t\t<\/section>\n\t\t\t\t<section class=\"elementor-section elementor-top-section elementor-element elementor-element-50d72bf elementor-section-boxed elementor-section-height-default elementor-section-height-default\" data-id=\"50d72bf\" data-element_type=\"section\" data-e-type=\"section\">\n\t\t\t\t\t\t<div class=\"elementor-container elementor-column-gap-default\">\n\t\t\t\t\t<div class=\"elementor-column elementor-col-100 elementor-top-column elementor-element elementor-element-32f0c29\" data-id=\"32f0c29\" data-element_type=\"column\" data-e-type=\"column\">\n\t\t\t<div class=\"elementor-widget-wrap elementor-element-populated\">\n\t\t\t\t\t\t<div class=\"elementor-element elementor-element-d4bbb19 elementor-widget elementor-widget-text-editor\" data-id=\"d4bbb19\" data-element_type=\"widget\" data-e-type=\"widget\" data-widget_type=\"text-editor.default\">\n\t\t\t\t<div class=\"elementor-widget-container\">\n\t\t\t\t\t\t\t\t\t<p><span style=\"color: #000000;\">Im Men\u00fc unter Husum und Vermietung finden Sie weitere Informationen zu unserem neuen Wohnungsbauprojekt in der Breslauer Stra\u00dfe 2, 5, 7 in Husum.<\/span><\/p><p><span style=\"color: #000000;\">Dort entstehen aktuell 3 Mehrfamilienh\u00e4user mit insgesamt 36 Wohnungen, davon 25 gef\u00f6rderte Wohnungen. Diese Wohnungen werden erst ab Sommer 2026 bezugsfertig sein.<\/span><\/p><p><span style=\"color: #000000;\">Die Vermietung dieser Wohnungen beginnt erst Ende April\/Anfang Mai 2026. Bis dahin k\u00f6nnen noch keine Wohnungen reserviert werden. Es kann lediglich das Interesse f\u00fcr eine Wohnung hinterlegt werden. Reservierungen werden erst nach durchgef\u00fchrten Besichtigungen gegen Ende April\/Anfang Mai 2026 vorgenommen.<\/span><\/p><p><span style=\"color: #000000;\">Bei Fragen zu dem Bauvorhaben oder wenn Sie uns Ihr Interesse mitteilen m\u00f6chten, k\u00f6nnen Sie uns eine E-Mail an info@pmo-wohnen.de schreiben oder das Kontaktformular auf dieser Homepage nutzen.<\/span><\/p><p><span style=\"color: #000000;\">Wenn Sie uns Ihr Interesse an einer der Wohnung mitteilen m\u00f6chten, nennen Sie uns bitte auch Informationen hinsichtlich der Gr\u00f6\u00dfe Ihres Haushaltes, mit Angabe der Anzahl und Alter aller zum Haushalt geh\u00f6renden Personen, den Ort, in dem Sie aktuell wohnen, Ihre aktuelle berufliche T\u00e4tigkeit, den Grund Ihres angestrebten Umzuges sowie wissenswerte Informationen zu sich und Ihrem Haushalt. Vielen Dank.<\/span><\/p>\t\t\t\t\t\t\t\t<\/div>\n\t\t\t\t<\/div>\n\t\t\t\t\t<\/div>\n\t\t<\/div>\n\t\t\t\t\t<\/div>\n\t\t<\/section>\n\t\t\t\t<section class=\"elementor-section elementor-top-section elementor-element elementor-element-b082683 elementor-section-boxed elementor-section-height-default elementor-section-height-default\" data-id=\"b082683\" data-element_type=\"section\" data-e-type=\"section\">\n\t\t\t\t\t\t<div class=\"elementor-container elementor-column-gap-default\">\n\t\t\t\t\t<div class=\"elementor-column elementor-col-100 elementor-top-column elementor-element elementor-element-5d449a7\" data-id=\"5d449a7\" data-element_type=\"column\" data-e-type=\"column\">\n\t\t\t<div class=\"elementor-widget-wrap elementor-element-populated\">\n\t\t\t\t\t\t<div class=\"elementor-element elementor-element-dfc34af elementor-widget elementor-widget-text-editor\" data-id=\"dfc34af\" data-element_type=\"widget\" data-e-type=\"widget\" data-widget_type=\"text-editor.default\">\n\t\t\t\t<div class=\"elementor-widget-container\">\n\t\t\t\t\t\t\t\t\t<p><span style=\"color: #000000;\">Herzlich willkommen,<\/span><\/p><p><span style=\"color: #000000;\">auf dieser Seite erhalten Sie Informationen \u00fcber unsere Immobilienprojekte.<\/span><\/p><p><span style=\"color: #000000;\">Bei unseren Immobilienprojekten handelt es sich um gef\u00f6rderten Wohnungsbau mit bezahlbaren Mieten. Zur Anmietung von Wohnungen wird ein Wohnberechtigungsschein ben\u00f6tigt. Im Wohnberechtigungsschein wird aufgef\u00fchrt, wie viele Personen zu Ihrem Haushalt geh\u00f6ren, ob die Einkommensgrenzen eingehalten werden und welche Wohnungsgr\u00f6\u00dfe durch Ihren Haushalt angemietet werden darf.<\/span><\/p><p><span style=\"color: #000000;\">Ob sich aktuell Wohnungen in der Vermietung befinden, k\u00f6nnen Sie im Men\u00fc unter dem Punkt &#8222;Vermietung&#8220; sehen.<\/span><\/p><p><span style=\"color: #000000;\">\u00dcber das Kontaktformular auf der rechten Seite k\u00f6nnen Sie uns kontaktieren. Sollten Sie bez\u00fcglich einer Wohnung anfragen, schreiben Sie bitte auch ein paar Informationen \u00fcber sich in die Nachricht. Nennen Sie uns bitte auch die Gr\u00f6\u00dfe Ihres Haushaltes, damit wir pr\u00fcfen k\u00f6nnen, welche Wohnungsgr\u00f6\u00dfe Sie \u00fcberhaupt anmieten d\u00fcrften.<\/span><\/p><p><span style=\"color: #000000;\">Mit freundlichen Gr\u00fc\u00dfen<\/span><\/p><p><span style=\"color: #000000;\">PMO Immobilien<\/span><\/p>\t\t\t\t\t\t\t\t<\/div>\n\t\t\t\t<\/div>\n\t\t\t\t\t<\/div>\n\t\t<\/div>\n\t\t\t\t\t<\/div>\n\t\t<\/section>\n\t\t\t\t<\/div>\n\t\t","protected":false},"excerpt":{"rendered":"<p>Update zur Vermietung und Bezugsfertigstellung der Wohnungen in Husum: Die Vermietungsphase mit Besichtigungen beginnt erst im Juni 2026, wenn das erste Haus nahezu fertiggestellt ist. Bis dahin kann weiterhin nur das Interesse bekundet werden, entweder \u00fcber das Kontaktformular oder per Mail an info@pmo-wohnen.de. Wir sammeln weiterhin die eingegangen Interessensbekundungen und informieren dann im Mai \u00fcber [&hellip;]<\/p>\n","protected":false},"author":1,"featured_media":0,"parent":0,"menu_order":0,"comment_status":"closed","ping_status":"open","template":"","meta":{"ocean_post_layout":"","ocean_both_sidebars_style":"","ocean_both_sidebars_content_width":0,"ocean_both_sidebars_sidebars_width":0,"ocean_sidebar":"0","ocean_second_sidebar":"0","ocean_disable_margins":"enable","ocean_add_body_class":"","ocean_shortcode_before_top_bar":"","ocean_shortcode_after_top_bar":"","ocean_shortcode_before_header":"","ocean_shortcode_after_header":"","ocean_has_shortcode":"","ocean_shortcode_after_title":"","ocean_shortcode_before_footer_widgets":"","ocean_shortcode_after_footer_widgets":"","ocean_shortcode_before_footer_bottom":"","ocean_shortcode_after_footer_bottom":"","ocean_display_top_bar":"default","ocean_display_header":"default","ocean_header_style":"","ocean_center_header_left_menu":"0","ocean_custom_header_template":"0","ocean_custom_logo":0,"ocean_custom_retina_logo":0,"ocean_custom_logo_max_width":0,"ocean_custom_logo_tablet_max_width":0,"ocean_custom_logo_mobile_max_width":0,"ocean_custom_logo_max_height":0,"ocean_custom_logo_tablet_max_height":0,"ocean_custom_logo_mobile_max_height":0,"ocean_header_custom_menu":"0","ocean_menu_typo_font_family":"0","ocean_menu_typo_font_subset":"","ocean_menu_typo_font_size":0,"ocean_menu_typo_font_size_tablet":0,"ocean_menu_typo_font_size_mobile":0,"ocean_menu_typo_font_size_unit":"px","ocean_menu_typo_font_weight":"","ocean_menu_typo_font_weight_tablet":"","ocean_menu_typo_font_weight_mobile":"","ocean_menu_typo_transform":"","ocean_menu_typo_transform_tablet":"","ocean_menu_typo_transform_mobile":"","ocean_menu_typo_line_height":0,"ocean_menu_typo_line_height_tablet":0,"ocean_menu_typo_line_height_mobile":0,"ocean_menu_typo_line_height_unit":"","ocean_menu_typo_spacing":0,"ocean_menu_typo_spacing_tablet":0,"ocean_menu_typo_spacing_mobile":0,"ocean_menu_typo_spacing_unit":"","ocean_menu_link_color":"","ocean_menu_link_color_hover":"","ocean_menu_link_color_active":"","ocean_menu_link_background":"","ocean_menu_link_hover_background":"","ocean_menu_link_active_background":"","ocean_menu_social_links_bg":"","ocean_menu_social_hover_links_bg":"","ocean_menu_social_links_color":"","ocean_menu_social_hover_links_color":"","ocean_disable_title":"default","ocean_disable_heading":"default","ocean_post_title":"","ocean_post_subheading":"","ocean_post_title_style":"","ocean_post_title_background_color":"","ocean_post_title_background":0,"ocean_post_title_bg_image_position":"","ocean_post_title_bg_image_attachment":"","ocean_post_title_bg_image_repeat":"","ocean_post_title_bg_image_size":"","ocean_post_title_height":0,"ocean_post_title_bg_overlay":0.5,"ocean_post_title_bg_overlay_color":"","ocean_disable_breadcrumbs":"default","ocean_breadcrumbs_color":"","ocean_breadcrumbs_separator_color":"","ocean_breadcrumbs_links_color":"","ocean_breadcrumbs_links_hover_color":"","ocean_display_footer_widgets":"default","ocean_display_footer_bottom":"default","ocean_custom_footer_template":"0","footnotes":""},"class_list":["post-2","page","type-page","status-publish","hentry","entry"],"_links":{"self":[{"href":"https:\/\/pmo-wohnen.de\/index.php?rest_route=\/wp\/v2\/pages\/2","targetHints":{"allow":["GET"]}}],"collection":[{"href":"https:\/\/pmo-wohnen.de\/index.php?rest_route=\/wp\/v2\/pages"}],"about":[{"href":"https:\/\/pmo-wohnen.de\/index.php?rest_route=\/wp\/v2\/types\/page"}],"author":[{"embeddable":true,"href":"https:\/\/pmo-wohnen.de\/index.php?rest_route=\/wp\/v2\/users\/1"}],"replies":[{"embeddable":true,"href":"https:\/\/pmo-wohnen.de\/index.php?rest_route=%2Fwp%2Fv2%2Fcomments&post=2"}],"version-history":[{"count":109,"href":"https:\/\/pmo-wohnen.de\/index.php?rest_route=\/wp\/v2\/pages\/2\/revisions"}],"predecessor-version":[{"id":702,"href":"https:\/\/pmo-wohnen.de\/index.php?rest_route=\/wp\/v2\/pages\/2\/revisions\/702"}],"wp:attachment":[{"href":"https:\/\/pmo-wohnen.de\/index.php?rest_route=%2Fwp%2Fv2%2Fmedia&parent=2"}],"curies":[{"name":"wp","href":"https:\/\/api.w.org\/{rel}","templated":true}]}}